{"id":821,"date":"2024-09-03T14:45:13","date_gmt":"2024-09-03T14:45:13","guid":{"rendered":"https:\/\/boxpi.com\/?page_id=821"},"modified":"2025-04-02T08:17:06","modified_gmt":"2025-04-02T08:17:06","slug":"book-demo","status":"publish","type":"page","link":"https:\/\/boxpi.com\/sk\/services\/book-demo\/","title":{"rendered":"Rezervova\u0165 demo"},"content":{"rendered":"<div class=\"wp-block-cover has-custom-content-position is-position-center-left wp-duotone-unset-1\" style=\"margin-top:0;margin-bottom:0;min-height:430px;aspect-ratio:unset;\"><span aria-hidden=\"true\" class=\"wp-block-cover__background has-ast-global-color-0-background-color has-background-dim-80 has-background-dim\"><\/span><img loading=\"lazy\" decoding=\"async\" width=\"785\" height=\"678\" class=\"wp-block-cover__image-background wp-image-396\" alt=\"We deliver in CEE\" src=\"https:\/\/boxpi.com\/wp-content\/uploads\/2022\/04\/boxpi-map.svg\" style=\"object-position:4% 24%\" data-object-fit=\"cover\" data-object-position=\"4% 24%\"\/><div class=\"wp-block-cover__inner-container is-layout-constrained wp-container-core-cover-is-layout-19c400f2 wp-block-cover-is-layout-constrained\">\n<div class=\"wp-block-group is-layout-constrained wp-container-core-group-is-layout-92ef7b19 wp-block-group-is-layout-constrained\">\n<h1 class=\"wp-block-heading\"><mark style=\"background-color:rgba(0, 0, 0, 0)\" class=\"has-inline-color has-ast-global-color-7-color\"><strong>Kontaktujte n\u00e1s<\/strong><\/mark><\/h1>\n\n\n\n<p class=\"has-ast-global-color-2-color has-text-color has-link-color wp-elements-8d70353d8dc04cd8db2cb13d621e636e translation-block\">Vyberte si term\u00edn, ktor\u00fd v\u00e1m najviac vyhovuje, a zadajte z\u00e1kladn\u00e9 \u00fadaje o va\u0161ej firme. <br>Na\u0161i konzultanti sa te\u0161ia na rozhovor s vami prostredn\u00edctvom videohovoru Google Hangouts.<\/p>\n<\/div>\n<\/div><\/div>\n\n\n\n<!-- Google Calendar Appointment Scheduling begin -->\n<iframe loading=\"lazy\" src=\"https:\/\/calendar.google.com\/calendar\/u\/0\/appointments\/schedules\/AcZssZ11v6qF5Euy9p-zUc51ZOXBLetnTdYgjwGlUXUU5mO3M7JORouBSjhWgWR-gokhKbkA_vk1uhIh?gv=true\" style=\"border: 0\" width=\"100%\" height=\"1400\" frameborder=\"0\"><\/iframe>\n<!-- end Google Calendar Appointment Scheduling -->","protected":false},"excerpt":{"rendered":"","protected":false},"author":1,"featured_media":0,"parent":493,"menu_order":0,"comment_status":"closed","ping_status":"closed","template":"","meta":{"om_disable_all_campaigns":false,"inline_featured_image":false,"_uf_show_specific_survey":0,"_uf_disable_surveys":false,"site-sidebar-layout":"default","site-content-layout":"","ast-site-content-layout":"","site-content-style":"default","site-sidebar-style":"default","ast-global-header-display":"","ast-banner-title-visibility":"","ast-main-header-display":"","ast-hfb-above-header-display":"","ast-hfb-below-header-display":"","ast-hfb-mobile-header-display":"","site-post-title":"","ast-breadcrumbs-content":"","ast-featured-img":"","footer-sml-layout":"","theme-transparent-header-meta":"","adv-header-id-meta":"","stick-header-meta":"","header-above-stick-meta":"","header-main-stick-meta":"","header-below-stick-meta":"","astra-migrate-meta-layouts":"default","ast-page-background-enabled":"default","ast-page-background-meta":{"desktop":{"background-color":"var(--ast-global-color-4)","background-image":"","background-repeat":"repeat","background-position":"center center","background-size":"auto","background-attachment":"scroll","background-type":"","background-media":"","overlay-type":"","overlay-color":"","overlay-opacity":"","overlay-gradient":""},"tablet":{"background-color":"","background-image":"","background-repeat":"repeat","background-position":"center center","background-size":"auto","background-attachment":"scroll","background-type":"","background-media":"","overlay-type":"","overlay-color":"","overlay-opacity":"","overlay-gradient":""},"mobile":{"background-color":"","background-image":"","background-repeat":"repeat","background-position":"center center","background-size":"auto","background-attachment":"scroll","background-type":"","background-media":"","overlay-type":"","overlay-color":"","overlay-opacity":"","overlay-gradient":""}},"ast-content-background-meta":{"desktop":{"background-color":"var(--ast-global-color-5)","background-image":"","background-repeat":"repeat","background-position":"center center","background-size":"auto","background-attachment":"scroll","background-type":"","background-media":"","overlay-type":"","overlay-color":"","overlay-opacity":"","overlay-gradient":""},"tablet":{"background-color":"var(--ast-global-color-5)","background-image":"","background-repeat":"repeat","background-position":"center center","background-size":"auto","background-attachment":"scroll","background-type":"","background-media":"","overlay-type":"","overlay-color":"","overlay-opacity":"","overlay-gradient":""},"mobile":{"background-color":"var(--ast-global-color-5)","background-image":"","background-repeat":"repeat","background-position":"center center","background-size":"auto","background-attachment":"scroll","background-type":"","background-media":"","overlay-type":"","overlay-color":"","overlay-opacity":"","overlay-gradient":""}},"footnotes":"[]"},"class_list":["post-821","page","type-page","status-publish","hentry"],"_links":{"self":[{"href":"https:\/\/boxpi.com\/sk\/wp-json\/wp\/v2\/pages\/821","targetHints":{"allow":["GET"]}}],"collection":[{"href":"https:\/\/boxpi.com\/sk\/wp-json\/wp\/v2\/pages"}],"about":[{"href":"https:\/\/boxpi.com\/sk\/wp-json\/wp\/v2\/types\/page"}],"author":[{"embeddable":true,"href":"https:\/\/boxpi.com\/sk\/wp-json\/wp\/v2\/users\/1"}],"replies":[{"embeddable":true,"href":"https:\/\/boxpi.com\/sk\/wp-json\/wp\/v2\/comments?post=821"}],"version-history":[{"count":9,"href":"https:\/\/boxpi.com\/sk\/wp-json\/wp\/v2\/pages\/821\/revisions"}],"predecessor-version":[{"id":1114,"href":"https:\/\/boxpi.com\/sk\/wp-json\/wp\/v2\/pages\/821\/revisions\/1114"}],"up":[{"embeddable":true,"href":"https:\/\/boxpi.com\/sk\/wp-json\/wp\/v2\/pages\/493"}],"wp:attachment":[{"href":"https:\/\/boxpi.com\/sk\/wp-json\/wp\/v2\/media?parent=821"}],"curies":[{"name":"wp","href":"https:\/\/api.w.org\/{rel}","templated":true}]}}