{"id":493,"date":"2024-08-23T08:27:25","date_gmt":"2024-08-23T08:27:25","guid":{"rendered":"https:\/\/boxpi.com\/?page_id=493"},"modified":"2026-02-23T15:26:28","modified_gmt":"2026-02-23T15:26:28","slug":"services","status":"publish","type":"page","link":"https:\/\/boxpi.com\/sk\/services\/","title":{"rendered":"Slu\u017eby"},"content":{"rendered":"<div class=\"wp-block-group alignwide has-vivid-red-background-color has-background is-layout-constrained wp-block-group-is-layout-constrained wp-container-1 is-position-sticky\" style=\"margin-top:-3rem;margin-bottom:var(--wp--preset--spacing--40);padding-top:var(--wp--preset--spacing--20);padding-bottom:var(--wp--preset--spacing--20)\">\n<div class=\"wp-block-columns is-layout-flex wp-container-core-columns-is-layout-56ca3925 wp-block-columns-is-layout-flex\" style=\"margin-bottom:0px\">\n<div class=\"wp-block-column is-vertically-aligned-center is-layout-flow wp-block-column-is-layout-flow\" style=\"flex-basis:60%\">\n<h5 class=\"wp-block-heading alignfull has-ast-global-color-5-color has-text-color has-link-color has-small-font-size wp-elements-b67f48cccd60d454765cb8aa12837e90\" style=\"margin-bottom:0px\"><strong>LIMITED OFFER<br><\/strong>Sign-up until end of February and secure a 1-year guaranteed discount on selected items<\/h5>\n<\/div>\n\n\n\n<div class=\"wp-block-column is-layout-flow wp-block-column-is-layout-flow\" style=\"padding-top:0px;padding-bottom:0px;flex-basis:40%\">\n<div class=\"wp-block-buttons is-content-justification-center is-layout-flex wp-container-core-buttons-is-layout-f78c5dac wp-block-buttons-is-layout-flex\" style=\"margin-top:0px;margin-bottom:0px\">\n<div class=\"wp-block-button\"><a class=\"wp-block-button__link wp-element-button\" href=\"https:\/\/boxpi.com\/sk\/services\/signup-api\/\">Sign-up now<\/a><\/div>\n<\/div>\n\n\n\n<style>\n.has-vivid-red-background-color {display:none; visibility:hidden; top: calc(80px + var(--wp-admin--admin-bar--position-offset, 0px)) !important}\n.is-layout-flex {gap:0 !important}\n<\/style>\n<\/div>\n<\/div>\n<\/div>\n\n\n\n<div class=\"wp-block-cover has-custom-content-position is-position-center-left wp-duotone-unset-5\" style=\"margin-top:0;margin-bottom:0;min-height:430px;aspect-ratio:unset;\"><img loading=\"lazy\" decoding=\"async\" width=\"785\" height=\"678\" class=\"wp-block-cover__image-background wp-image-396\" alt=\"We deliver in CEE\" src=\"https:\/\/boxpi.com\/wp-content\/uploads\/2022\/04\/boxpi-map.svg\" style=\"object-position:4% 24%\" data-object-fit=\"cover\" data-object-position=\"4% 24%\"\/><span aria-hidden=\"true\" class=\"wp-block-cover__background has-ast-global-color-0-background-color has-background-dim-80 has-background-dim\"><\/span><div class=\"wp-block-cover__inner-container is-layout-constrained wp-container-core-cover-is-layout-19c400f2 wp-block-cover-is-layout-constrained\">\n<div class=\"wp-block-group is-layout-constrained wp-block-group-is-layout-constrained\">\n<h1 class=\"wp-block-heading\"><mark style=\"background-color:rgba(0, 0, 0, 0)\" class=\"has-inline-color has-ast-global-color-7-color\"><strong>\u010co pon\u00fakame<\/strong><\/mark><\/h1>\n\n\n\n<div class=\"wp-block-group is-layout-flex wp-block-group-is-layout-flex\">\n<div class=\"wp-block-buttons is-horizontal is-content-justification-center is-layout-flex wp-container-core-buttons-is-layout-b9d729be wp-block-buttons-is-layout-flex\" style=\"margin-top:0px;margin-bottom:0px\">\n<div class=\"wp-block-button has-custom-width wp-block-button__width-100 is-style-outline is-style-outline--2 translation-block\"><a class=\"wp-block-button__link has-ast-global-color-7-color has-ast-global-color-4-background-color has-text-color has-background has-link-color wp-element-button\" href=\"#software\" target=\"_self\">Boxpi ako <strong>plugin<\/strong><\/a><\/div>\n<\/div>\n\n\n\n<p class=\"has-black-color has-text-color has-link-color has-small-font-size wp-elements-b1dc872e6ea8f4d4b5760dad5f6fc56e translation-block\" style=\"line-height:1.2\">Softv\u00e9rov\u00e9 rie\u0161enie, ktor\u00e9 v\u00e1m poskytuje <br>okam\u017eit\u00fd pr\u00edstup ku kuri\u00e9rom vo viac ako 12 krajin\u00e1ch<\/p>\n<\/div>\n\n\n\n<div class=\"wp-block-group is-layout-flex wp-block-group-is-layout-flex\">\n<div class=\"wp-block-buttons is-layout-flex wp-container-core-buttons-is-layout-391c55bb wp-block-buttons-is-layout-flex\" style=\"margin-top:0px;margin-bottom:0px\">\n<div class=\"wp-block-button has-custom-width wp-block-button__width-100 is-style-outline is-style-outline--3 translation-block\"><a class=\"wp-block-button__link has-ast-global-color-7-color has-ast-global-color-4-background-color has-text-color has-background has-link-color wp-element-button\" href=\"#delivery\" target=\"_self\">Boxpi ako <strong>partner v oblasti doru\u010dovania<\/strong><\/a><\/div>\n<\/div>\n\n\n\n<p class=\"has-black-color has-text-color has-link-color has-small-font-size wp-elements-62bee5b1b726b73a93a214ecb61c34f8 translation-block\" style=\"line-height:1.2\">Logistick\u00e9 rie\u0161enie, ktor\u00e9 sa postar\u00e1 o doru\u010denie va\u0161ich z\u00e1sielok za v\u00fdhodn\u00e9 ceny.<\/p>\n<\/div>\n\n\n\n<div class=\"wp-block-group is-layout-flex wp-block-group-is-layout-flex\">\n<div class=\"wp-block-buttons is-layout-flex wp-container-core-buttons-is-layout-391c55bb wp-block-buttons-is-layout-flex\" style=\"margin-top:0px;margin-bottom:0px\">\n<div class=\"wp-block-button has-custom-width wp-block-button__width-100 is-style-outline is-style-outline--4 translation-block\"><a class=\"wp-block-button__link has-ast-global-color-7-color has-ast-global-color-4-background-color has-text-color has-background has-link-color wp-element-button\" href=\"#all-in-one\" target=\"_self\">Boxpi ako va\u0161e <strong>komplexn\u00e9 rie\u0161enie<\/strong><\/a><\/div>\n<\/div>\n\n\n\n<p class=\"has-black-color has-text-color has-link-color has-small-font-size wp-elements-cb850f89e9a51d4c6ea5ac699cee36f5 translation-block\" style=\"line-height:1.2\">Boxpi je jedin\u00fd n\u00e1stroj, ktor\u00fd potrebujete na za\u010datie exportu a roz\u0161irovanie svojich trhov v Eur\u00f3pe.<\/p>\n<\/div>\n<\/div>\n<\/div><\/div>\n\n\n\n<div style=\"height:212px\" aria-hidden=\"true\" class=\"wp-block-spacer\"><\/div>\n\n\n\n<h2 class=\"wp-block-heading has-text-align-center\" id=\"software\"><span class=\"dashicons dashicons-cloud-saved\" style=\"font-size:50px;height:50px;width:50px;color:#cede00\"><\/span> Boxpi ako softv\u00e9r<\/h2>\n\n\n\n<p class=\"has-text-align-center translation-block\">Boxpi je mo\u017en\u00e9 nain\u0161talova\u0165 ako doplnok do podporovan\u00fdch obchodn\u00fdch syst\u00e9mov  <br> alebo integrova\u0165 na mieru prostredn\u00edctvom n\u00e1\u0161ho roz\u0161\u00edren\u00e9ho API.<\/p>\n\n\n\n<div class=\"wp-block-columns is-layout-flex wp-container-core-columns-is-layout-28f84493 wp-block-columns-is-layout-flex\">\n<div class=\"wp-block-column is-layout-flow wp-block-column-is-layout-flow\">\n<h3 class=\"wp-block-heading has-text-align-left\"><mark style=\"background-color:var(--ast-global-color-0)\" class=\"has-inline-color\">Hotov\u00fd plugin<\/mark><\/h3>\n\n\n\n<p><strong>Bezprobl\u00e9mov\u00e9 rie\u0161enie, bez potreby zapojenia IT oddelenia<\/strong>.<\/p>\n\n\n\n<p>Nain\u0161talujte si plugin Boxpi a z\u00edskajte okam\u017eit\u00fd pr\u00edstup k funkci\u00e1m, ako je tla\u010d \u0161t\u00edtkov, sledovanie z\u00e1sielok, mapa v\u00fddajn\u00fdch miest v 12 krajin\u00e1ch E\u00da. <\/p>\n\n\n\n<p class=\"has-ast-global-color-7-color has-text-color has-link-color wp-elements-5c29a92f2df5259fa762a7f1bc6ff02e\">Plugin je vyv\u00edjan\u00fd a spravovan\u00fd na\u0161im IT oddelen\u00edm a denne d\u00f4kladne monitorovan\u00fd. <\/p>\n\n\n\n<h4 class=\"wp-block-heading\">Presk\u00famajte mo\u017enosti integr\u00e1cie<\/h4>\n\n\n\n<div class=\"wp-block-group is-layout-flex wp-block-group-is-layout-flex\">\n<div class=\"wp-block-buttons is-layout-flex wp-block-buttons-is-layout-flex\">\n<div class=\"wp-block-button\"><a class=\"wp-block-button__link wp-element-button\" href=\"https:\/\/boxpi.com\/sk\/integration\/\">Prehliadajte pluginy a integr\u00e1cie<\/a><\/div>\n<\/div>\n<\/div>\n<\/div>\n\n\n\n<div class=\"wp-block-column is-layout-flow wp-block-column-is-layout-flow\">\n<h3 class=\"wp-block-heading has-text-align-left\"><mark style=\"background-color:var(--ast-global-color-0)\" class=\"has-inline-color\">Vlastn\u00e9 API<\/mark><\/h3>\n\n\n\n<p><strong>Plne sa prisp\u00f4sob\u00ed va\u0161im potreb\u00e1m a \u013eahko sa integruje do va\u0161ich syst\u00e9mov.<\/strong><\/p>\n\n\n\n<p>Boxpi API funguje na \u0161tandardnom a dobre zdokumentovanom rie\u0161en\u00ed REST s d\u00e1tovou n\u00e1pl\u0148ou JSON, ktor\u00e9 sa \u013eahko prip\u00e1ja k v\u00e1\u0161mu ERP alebo obchodn\u00e9mu syst\u00e9mu.<\/p>\n\n\n\n<p>Backend API je vyvinut\u00fd a spravovan\u00fd nami, ale na integr\u00e1ciu do va\u0161ich syst\u00e9mov budete potrebova\u0165 svojich v\u00fdvoj\u00e1rov.<\/p>\n\n\n\n<h4 class=\"wp-block-heading\">\u010eal\u0161ie zdroje<\/h4>\n\n\n\n<div class=\"wp-block-group is-vertical is-layout-flex wp-container-core-group-is-layout-fe9cc265 wp-block-group-is-layout-flex\">\n<div class=\"wp-block-buttons is-layout-flex wp-block-buttons-is-layout-flex\">\n<div class=\"wp-block-button\"><a class=\"wp-block-button__link wp-element-button\" href=\"https:\/\/boxpi.com\/sk\/services\/signup-api\/\">Zaregistrujte sa a z\u00edskajte pr\u00edstup k API<\/a><\/div>\n\n\n\n<div class=\"wp-block-button is-style-outline is-style-outline--6\"><a class=\"wp-block-button__link wp-element-button\" href=\"https:\/\/api.boxpi.com\/v2\/doc\/boxpi.openapi.html\" target=\"_blank\" rel=\"noreferrer noopener nofollow\">API dokument\u00e1cia<\/a><\/div>\n<\/div>\n<\/div>\n<\/div>\n<\/div>\n\n\n\n<div style=\"height:206px\" aria-hidden=\"true\" class=\"wp-block-spacer\"><\/div>\n\n\n\n<h2 class=\"wp-block-heading has-text-align-center\" id=\"delivery\"><span class=\"dashicons dashicons-location-alt\" style=\"font-size:50px;height:50px;width:50px;color:#cede00\"><\/span> Boxpi ako doru\u010dovacia slu\u017eba<\/h2>\n\n\n\n<p class=\"has-text-align-center translation-block\">Zbal\u00edme z\u00e1sielky vo va\u0161om sklade a doru\u010d\u00edme ich va\u0161im z\u00e1kazn\u00edkom <br>vo viac ako 12 krajin\u00e1ch, kde u\u017e p\u00f4sob\u00edme.<\/p>\n\n\n\n<div class=\"wp-block-buttons is-content-justification-center is-layout-flex wp-container-core-buttons-is-layout-a89b3969 wp-block-buttons-is-layout-flex\">\n<div class=\"wp-block-button\"><a class=\"wp-block-button__link wp-element-button\" href=\"https:\/\/boxpi.com\/sk\/services\/book-demo\/\">Kontaktujte n\u00e1s<\/a><\/div>\n\n\n\n<div class=\"wp-block-button is-style-outline is-style-outline--7\"><a class=\"wp-block-button__link wp-element-button\" href=\"https:\/\/boxpi.com\/sk\/pricing\/\">Presk\u00famajte ceny<\/a><\/div>\n<\/div>\n\n\n\n<div style=\"height:39px\" aria-hidden=\"true\" class=\"wp-block-spacer\"><\/div>\n\n\n\n<div class=\"wp-block-cover alignwide is-light has-custom-content-position is-position-bottom-center wp-duotone-unset-8\" style=\"min-height:581px;aspect-ratio:unset;\"><img loading=\"lazy\" decoding=\"async\" width=\"2000\" height=\"1000\" class=\"wp-block-cover__image-background wp-image-557\" alt=\"\" src=\"https:\/\/boxpi.com\/wp-content\/uploads\/2024\/08\/Box-2000-x-1000-px-1.png\" style=\"object-position:20% 48%\" data-object-fit=\"cover\" data-object-position=\"20% 48%\" srcset=\"https:\/\/boxpi.com\/wp-content\/uploads\/2024\/08\/Box-2000-x-1000-px-1.png 2000w, https:\/\/boxpi.com\/wp-content\/uploads\/2024\/08\/Box-2000-x-1000-px-1-300x150.png 300w, https:\/\/boxpi.com\/wp-content\/uploads\/2024\/08\/Box-2000-x-1000-px-1-1024x512.png 1024w, https:\/\/boxpi.com\/wp-content\/uploads\/2024\/08\/Box-2000-x-1000-px-1-768x384.png 768w, https:\/\/boxpi.com\/wp-content\/uploads\/2024\/08\/Box-2000-x-1000-px-1-1536x768.png 1536w, https:\/\/boxpi.com\/wp-content\/uploads\/2024\/08\/Box-2000-x-1000-px-1-600x300.png 600w\" sizes=\"auto, (max-width: 2000px) 100vw, 2000px\" \/><span aria-hidden=\"true\" class=\"wp-block-cover__background has-background-dim\" style=\"background-color:#c9cbbd\"><\/span><div class=\"wp-block-cover__inner-container is-layout-flow wp-block-cover-is-layout-flow\">\n<div class=\"wp-block-group is-layout-constrained wp-block-group-is-layout-constrained\">\n<div class=\"wp-block-columns is-layout-flex wp-container-core-columns-is-layout-28f84493 wp-block-columns-is-layout-flex\">\n<div class=\"wp-block-column is-layout-flow wp-block-column-is-layout-flow\" style=\"flex-basis:400px\">\n<h3 class=\"wp-block-heading has-text-align-left has-ast-global-color-7-color has-text-color has-link-color wp-elements-137777e8b62c36423826317f79d2aa01\"><mark style=\"background-color:var(--ast-global-color-0)\" class=\"has-inline-color\">Cezhrani\u010dn\u00e1 logistika<\/mark><\/h3>\n\n\n\n<p class=\"has-black-color has-text-color has-link-color wp-elements-6e79b97fab7a455808c41db408f73bbe\"><strong>Va\u0161e z\u00e1sielky doru\u010d\u00edme kamko\u013evek v E\u00da.<\/strong>.<\/p>\n\n\n\n<p class=\"has-black-color has-text-color has-link-color wp-elements-8fe7c5aaf84ee4b0b190bba57d7f131e\">Na\u0161e linkov\u00e9 prevozy denne prekon\u00e1vaj\u00fa tis\u00edce kilometrov \u2013 a st\u00e1le m\u00e1me miesto aj pre v\u00e1s! Va\u0161e z\u00e1sielky bud\u00fa vyzdvihnut\u00e9 a prepraven\u00e9 do krajiny ur\u010denia spolu s \u010fal\u0161\u00edmi stovkami z\u00e1sielok od in\u00fdch klientov.<\/p>\n\n\n\n<p><\/p>\n\n\n\n<h3 class=\"wp-block-heading has-black-color has-text-color has-link-color wp-elements-315ebea86f0a019662b9a9188ca1a556\"><mark style=\"background-color:var(--ast-global-color-0)\" class=\"has-inline-color\">Doru\u010denie na poslednom \u00faseku<\/mark><\/h3>\n\n\n\n<p class=\"has-black-color has-text-color has-link-color wp-elements-cfdee0600428ae73477af0ab6b2a28e1\"><strong>Spolupracujeme s najspo\u013eahlivej\u0161\u00edmi kuri\u00e9rskymi spolo\u010dnos\u0165ami.<\/strong><\/p>\n\n\n\n<p class=\"has-ast-global-color-7-color has-text-color has-link-color wp-elements-9e0ed79258abf4b7880f8c1fd0cde668\">Doru\u010denie na poslednej m\u00edli je z h\u013eadiska z\u00e1kazn\u00edckej sk\u00fasenosti najd\u00f4le\u017eitej\u0161\u00edm bodom. Preto spolupracujeme len s najspo\u013eahlivej\u0161\u00edmi miestnymi doru\u010dovac\u00edmi slu\u017ebami, ktor\u00e9 pon\u00fakaj\u00fa ako doru\u010denie domov, tak aj v\u00fddajn\u00e9 miesta. V\u010faka na\u0161im ve\u013ek\u00fdm objemom \u010dasto z\u00edskavame ve\u013emi konkurencieschopn\u00e9 cenn\u00edky \u2013 a vy ich m\u00f4\u017eete z\u00edska\u0165 tie\u017e, ak sa rozhodnete vyu\u017ei\u0165 Boxpi ako doru\u010dovacieho partnera.<\/p>\n<\/div>\n<\/div>\n<\/div>\n<\/div><\/div>\n\n\n\n<div style=\"height:161px\" aria-hidden=\"true\" class=\"wp-block-spacer\"><\/div>\n\n\n\n<div class=\"wp-block-group is-layout-constrained wp-block-group-is-layout-constrained\">\n<blockquote class=\"wp-block-quote is-layout-flow wp-block-quote-is-layout-flow\">\n<p class=\"has-large-font-size translation-block\"><strong>V\u010faka Boxpi pon\u00fakame na\u0161im z\u00e1kazn\u00edkom <mark style=\"background-color:var(--ast-global-color-0)\" class=\"has-inline-color\">v\u00fdnimo\u010dn\u00fd z\u00e1\u017eitok z doru\u010denia<\/mark> a \u0161etr\u00edme peniaze za n\u00e1klady na dopravu.<\/strong><\/p>\n\n\n\n<figure class=\"wp-block-image aligncenter size-full is-resized is-style-rounded\"><img loading=\"lazy\" decoding=\"async\" width=\"1200\" height=\"1200\" src=\"https:\/\/boxpi.com\/wp-content\/uploads\/2025\/10\/1.png\" alt=\"\" class=\"wp-image-1160\" style=\"object-fit:cover;width:200px;height:200px\" srcset=\"https:\/\/boxpi.com\/wp-content\/uploads\/2025\/10\/1.png 1200w, https:\/\/boxpi.com\/wp-content\/uploads\/2025\/10\/1-300x300.png 300w, https:\/\/boxpi.com\/wp-content\/uploads\/2025\/10\/1-1024x1024.png 1024w, https:\/\/boxpi.com\/wp-content\/uploads\/2025\/10\/1-150x150.png 150w, https:\/\/boxpi.com\/wp-content\/uploads\/2025\/10\/1-768x768.png 768w, https:\/\/boxpi.com\/wp-content\/uploads\/2025\/10\/1-600x600.png 600w, https:\/\/boxpi.com\/wp-content\/uploads\/2025\/10\/1-100x100.png 100w\" sizes=\"auto, (max-width: 1200px) 100vw, 1200px\" \/><\/figure>\n\n\n\n<p class=\"has-text-align-center\"><strong>Dalibor Cicman<\/strong><br>Founder Boxpi &amp; CEO GymBeam<\/p>\n<\/blockquote>\n<\/div>\n\n\n\n<div style=\"height:174px\" aria-hidden=\"true\" class=\"wp-block-spacer\"><\/div>\n\n\n\n<div class=\"wp-block-cover alignfull wp-duotone-unset-10\"><span aria-hidden=\"true\" class=\"wp-block-cover__background has-ast-global-color-0-background-color has-background-dim-100 has-background-dim\"><\/span><div class=\"wp-block-cover__inner-container is-layout-constrained wp-block-cover-is-layout-constrained\">\n<h2 class=\"wp-block-heading has-text-align-center\" id=\"all-in-one\"><mark style=\"background-color:rgba(0, 0, 0, 0)\" class=\"has-inline-color has-ast-global-color-5-color\">V\u0161etko, \u010do potrebujete pre svoj e-commerce<\/mark><\/h2>\n\n\n\n<p class=\"has-text-align-center translation-block\">Na trhu je mnoho slu\u017eieb, ale len m\u00e1lo z nich pon\u00faka komplexn\u00e9 rie\u0161enie. Boxpi sa postar\u00e1 o v\u0161etko \u2013 od softv\u00e9ru a\u017e po doru\u010denie.<\/p>\n\n\n\n<div style=\"height:45px\" aria-hidden=\"true\" class=\"wp-block-spacer\"><\/div>\n\n\n\n<div class=\"wp-block-group is-layout-grid wp-container-core-group-is-layout-478b6e6b wp-block-group-is-layout-grid\">\n<div class=\"wp-block-group is-layout-constrained wp-block-group-is-layout-constrained\">\n<h2 class=\"wp-block-heading\"> Softv\u00e9r <mark style=\"background-color:rgba(0, 0, 0, 0)\" class=\"has-inline-color has-ast-global-color-5-color\"><sup><i class=\"fas fa-cloud-arrow-up\"><\/i><\/sup><\/mark><\/h2>\n\n\n\n<ul class=\"wp-block-list has-ast-global-color-2-color has-text-color has-link-color wp-elements-a351e5482dfc754af3f1f4b8c7f3c1a4\">\n<li>Administrat\u00edvne rozhranie<\/li>\n\n\n\n<li>Tla\u010d \u0161t\u00edtkov<\/li>\n\n\n\n<li>Sledovanie bal\u00edkov<\/li>\n\n\n\n<li>Pod\u00e1vanie spr\u00e1v<\/li>\n<\/ul>\n<\/div>\n\n\n\n<div class=\"wp-block-group is-layout-constrained wp-block-group-is-layout-constrained\">\n<h2 class=\"wp-block-heading\">Dodanie <mark style=\"background-color:rgba(0, 0, 0, 0)\" class=\"has-inline-color has-ast-global-color-5-color\"><sup><i class=\"fas fa-truck-fast\"><\/i><\/sup><\/mark><\/h2>\n\n\n\n<ul class=\"wp-block-list has-ast-global-color-7-color has-text-color has-link-color wp-elements-828c21c55f6b2e41e4af635539adfa5d\">\n<li>Vyzdvihnutie vo va\u0161om sklade<\/li>\n\n\n\n<li>Triedenie<\/li>\n\n\n\n<li>Cezhrani\u010dn\u00e9 doru\u010denie<\/li>\n\n\n\n<li>Pod\u00e1vanie spr\u00e1v<\/li>\n<\/ul>\n<\/div>\n\n\n\n<div class=\"wp-block-group is-layout-constrained wp-block-group-is-layout-constrained\">\n<h2 class=\"wp-block-heading\">Vr\u00e1tky <mark style=\"background-color:rgba(0, 0, 0, 0)\" class=\"has-inline-color has-ast-global-color-5-color\"><sup><i class=\"fas fa-right-left\"><\/i><\/sup><\/mark><\/h2>\n\n\n\n<ul class=\"wp-block-list has-ast-global-color-7-color has-text-color has-link-color wp-elements-1c34d5d8d9b7ff53d8671363e752d47f\">\n<li>Nedoru\u010den\u00e9 z\u00e1sielky<\/li>\n\n\n\n<li>Reklam\u00e1cie<\/li>\n\n\n\n<li>Vr\u00e1tenie tovaru<\/li>\n\n\n\n<li>Opravy<\/li>\n<\/ul>\n<\/div>\n\n\n\n<div class=\"wp-block-group is-layout-constrained wp-block-group-is-layout-constrained\">\n<h2 class=\"wp-block-heading\">Financie <mark style=\"background-color:rgba(0, 0, 0, 0)\" class=\"has-inline-color has-ast-global-color-5-color\"><sup><i class=\"fas fa-money-bills\"><\/i><\/sup><\/mark><\/h2>\n\n\n\n<ul class=\"wp-block-list has-ast-global-color-7-color has-text-color has-link-color wp-elements-e945a54446efa5400e3aecf279b80d5f\">\n<li>Dobierky<\/li>\n\n\n\n<li>Prevod mien<\/li>\n\n\n\n<li>Coln\u00e9<\/li>\n\n\n\n<li>\u00daspory z rozsahu<\/li>\n<\/ul>\n<\/div>\n<\/div>\n\n\n\n<div class=\"wp-block-buttons is-content-justification-center is-layout-flex wp-container-core-buttons-is-layout-a89b3969 wp-block-buttons-is-layout-flex\"><\/div>\n<\/div><\/div>\n\n\n\n<div style=\"height:122px\" aria-hidden=\"true\" class=\"wp-block-spacer\"><\/div>\n\n\n\n<h2 class=\"wp-block-heading has-text-align-center\">Zjednodu\u0161te si teraz zasielanie z\u00e1sielok.<\/h2>\n\n\n\n<div class=\"wp-block-buttons is-content-justification-center is-layout-flex wp-container-core-buttons-is-layout-a89b3969 wp-block-buttons-is-layout-flex\">\n<div class=\"wp-block-button\"><a class=\"wp-block-button__link has-medium-font-size has-custom-font-size wp-element-button\" href=\"#software\">In\u0161tal\u00e1cia doplnku Boxpi<\/a><\/div>\n\n\n\n<div class=\"wp-block-button is-style-outline is-style-outline--11\"><a class=\"wp-block-button__link has-medium-font-size has-custom-font-size wp-element-button\" href=\"\/sk\/book-demo\/\">Porozpr\u00e1vajte sa s nami o doru\u010dovac\u00edch slu\u017eb\u00e1ch<\/a><\/div>\n<\/div>\n\n\n\n<div style=\"height:148px\" aria-hidden=\"true\" class=\"wp-block-spacer\"><\/div>\n\n\n\n<p><\/p>","protected":false},"excerpt":{"rendered":"<p>LIMITED OFFERSign-up until end of February and secure a 1-year guaranteed discount on selected items Boxpi as a software Boxpi [&hellip;]<\/p>\n","protected":false},"author":1,"featured_media":0,"parent":0,"menu_order":0,"comment_status":"closed","ping_status":"closed","template":"","meta":{"om_disable_all_campaigns":false,"inline_featured_image":false,"_uf_show_specific_survey":0,"_uf_disable_surveys":false,"site-sidebar-layout":"default","site-content-layout":"","ast-site-content-layout":"","site-content-style":"default","site-sidebar-style":"default","ast-global-header-display":"","ast-banner-title-visibility":"","ast-main-header-display":"","ast-hfb-above-header-display":"","ast-hfb-below-header-display":"","ast-hfb-mobile-header-display":"","site-post-title":"disabled","ast-breadcrumbs-content":"","ast-featured-img":"","footer-sml-layout":"","theme-transparent-header-meta":"","adv-header-id-meta":"","stick-header-meta":"","header-above-stick-meta":"","header-main-stick-meta":"","header-below-stick-meta":"","astra-migrate-meta-layouts":"default","ast-page-background-enabled":"default","ast-page-background-meta":{"desktop":{"background-color":"var(--ast-global-color-4)","background-image":"","background-repeat":"repeat","background-position":"center center","background-size":"auto","background-attachment":"scroll","background-type":"","background-media":"","overlay-type":"","overlay-color":"","overlay-opacity":"","overlay-gradient":""},"tablet":{"background-color":"","background-image":"","background-repeat":"repeat","background-position":"center center","background-size":"auto","background-attachment":"scroll","background-type":"","background-media":"","overlay-type":"","overlay-color":"","overlay-opacity":"","overlay-gradient":""},"mobile":{"background-color":"","background-image":"","background-repeat":"repeat","background-position":"center center","background-size":"auto","background-attachment":"scroll","background-type":"","background-media":"","overlay-type":"","overlay-color":"","overlay-opacity":"","overlay-gradient":""}},"ast-content-background-meta":{"desktop":{"background-color":"var(--ast-global-color-5)","background-image":"","background-repeat":"repeat","background-position":"center center","background-size":"auto","background-attachment":"scroll","background-type":"","background-media":"","overlay-type":"","overlay-color":"","overlay-opacity":"","overlay-gradient":""},"tablet":{"background-color":"var(--ast-global-color-5)","background-image":"","background-repeat":"repeat","background-position":"center center","background-size":"auto","background-attachment":"scroll","background-type":"","background-media":"","overlay-type":"","overlay-color":"","overlay-opacity":"","overlay-gradient":""},"mobile":{"background-color":"var(--ast-global-color-5)","background-image":"","background-repeat":"repeat","background-position":"center center","background-size":"auto","background-attachment":"scroll","background-type":"","background-media":"","overlay-type":"","overlay-color":"","overlay-opacity":"","overlay-gradient":""}},"footnotes":"[]"},"class_list":["post-493","page","type-page","status-publish","hentry"],"_links":{"self":[{"href":"https:\/\/boxpi.com\/sk\/wp-json\/wp\/v2\/pages\/493","targetHints":{"allow":["GET"]}}],"collection":[{"href":"https:\/\/boxpi.com\/sk\/wp-json\/wp\/v2\/pages"}],"about":[{"href":"https:\/\/boxpi.com\/sk\/wp-json\/wp\/v2\/types\/page"}],"author":[{"embeddable":true,"href":"https:\/\/boxpi.com\/sk\/wp-json\/wp\/v2\/users\/1"}],"replies":[{"embeddable":true,"href":"https:\/\/boxpi.com\/sk\/wp-json\/wp\/v2\/comments?post=493"}],"version-history":[{"count":66,"href":"https:\/\/boxpi.com\/sk\/wp-json\/wp\/v2\/pages\/493\/revisions"}],"predecessor-version":[{"id":1175,"href":"https:\/\/boxpi.com\/sk\/wp-json\/wp\/v2\/pages\/493\/revisions\/1175"}],"wp:attachment":[{"href":"https:\/\/boxpi.com\/sk\/wp-json\/wp\/v2\/media?parent=493"}],"curies":[{"name":"wp","href":"https:\/\/api.w.org\/{rel}","templated":true}]}}