{"id":491,"date":"2024-08-23T08:27:25","date_gmt":"2024-08-23T08:27:25","guid":{"rendered":"https:\/\/boxpi.com\/?page_id=491"},"modified":"2026-02-23T16:04:38","modified_gmt":"2026-02-23T16:04:38","slug":"pricing","status":"publish","type":"page","link":"https:\/\/boxpi.com\/sk\/pricing\/","title":{"rendered":"Ceny"},"content":{"rendered":"<div class=\"wp-block-cover has-custom-content-position is-position-center-left wp-duotone-unset-1\" style=\"margin-top:0;margin-bottom:0;min-height:160px;aspect-ratio:unset;\"><img loading=\"lazy\" decoding=\"async\" width=\"785\" height=\"678\" class=\"wp-block-cover__image-background wp-image-396\" alt=\"We deliver in CEE\" src=\"https:\/\/boxpi.com\/wp-content\/uploads\/2022\/04\/boxpi-map.svg\" style=\"object-position:4% 24%\" data-object-fit=\"cover\" data-object-position=\"4% 24%\"\/><span aria-hidden=\"true\" class=\"wp-block-cover__background has-ast-global-color-0-background-color has-background-dim-80 has-background-dim\"><\/span><div class=\"wp-block-cover__inner-container is-layout-constrained wp-container-core-cover-is-layout-19c400f2 wp-block-cover-is-layout-constrained\">\n<div class=\"wp-block-group is-layout-constrained wp-block-group-is-layout-constrained\">\n<h1 class=\"wp-block-heading has-ast-global-color-7-color has-text-color has-link-color wp-elements-1248c2bb4e16945ab57d52860937ae79\"><mark style=\"background-color:rgba(0, 0, 0, 0)\" class=\"has-inline-color has-ast-global-color-7-color\"><strong>Cenov\u00e1 ponuka<\/strong><\/mark> Q1 2026<\/h1>\n<\/div>\n<\/div><\/div>\n\n\n\n<div style=\"height:100px\" aria-hidden=\"true\" class=\"wp-block-spacer\"><\/div>\n\n\n\n<h2 class=\"wp-block-heading\">Softv\u00e9r<\/h2>\n\n\n\n<p>Nain\u0161talujte si plugin alebo API Boxpi a z\u00edskajte okam\u017eit\u00fd pr\u00edstup k r\u00f4znym kuri\u00e9rskym slu\u017eb\u00e1m v E\u00da. Kompletn\u00fd preh\u013ead n\u00e1jdete tu. V tomto pr\u00edpade Boxpi sl\u00fa\u017ei iba ako br\u00e1na a za zabezpe\u010denie cezhrani\u010dnej a poslednej f\u00e1zy doru\u010denia zodpoved\u00e1 obchodn\u00edk.<\/p>\n\n\n\n<h3 class=\"wp-block-heading\">Plugin Boxpi a API<\/h3>\n\n\n\n<ul class=\"wp-block-list\">\n<li>Hotov\u00e9 rie\u0161enie pre v\u00e1\u0161 e-commerce.<\/li>\n\n\n\n<li>Prisp\u00f4sobite\u013en\u00e1 integr\u00e1cia s va\u0161\u00edm ERP a e-commerce syst\u00e9mom.<\/li>\n<\/ul>\n\n\n\n<figure class=\"wp-block-table is-style-stripes has-medium-font-size\"><table class=\"has-border-color has-cyan-bluish-gray-border-color has-fixed-layout\" style=\"border-width:1px\"><tbody><tr><td>Mesa\u010dn\u00fd poplatok<\/td><td>0\u20ac<\/td><\/tr><tr><td>Cena za 0\u20131000 volan\u00ed API za mesiac<\/td><td>0\u20ac<\/td><\/tr><tr><td>Cena za 1000+ volan\u00ed API za mesiac<\/td><td>0\u20ac<\/td><\/tr><\/tbody><\/table><\/figure>\n\n\n\n<h2 class=\"wp-block-heading\">Doru\u010dovacie slu\u017eby<\/h2>\n\n\n\n<p>Ak u\u017e m\u00e1te integrovan\u00fd softv\u00e9r Boxpi, m\u00f4\u017eete sa rozhodn\u00fa\u0165 zasiela\u0165 svoje bal\u00edky priamo prostredn\u00edctvom doru\u010dovac\u00edch slu\u017eieb Boxpi. Toto je va\u0161e komplexn\u00e9 rie\u0161enie.<\/p>\n\n\n\n<figure class=\"wp-block-table is-style-stripes\"><table class=\"has-border-color has-cyan-bluish-gray-border-color\" style=\"border-width:1px\"><thead><tr><th>Z<br><mark style=\"background-color:rgba(0, 0, 0, 0);color:#9d9d9d\" class=\"has-inline-color\">Krajiny<\/mark><\/th><th>Do<br><mark style=\"background-color:rgba(0, 0, 0, 0);color:#9d9d9d\" class=\"has-inline-color\">Krajiny<\/mark><\/th><th class=\"has-text-align-center\" data-align=\"center\">Celkov\u00e1 cena doru\u010denia<br><mark style=\"background-color:rgba(0, 0, 0, 0);color:#9d9d9d\" class=\"has-inline-color\">Za\u010d\u00edna od<\/mark><\/th><\/tr><\/thead><tbody><tr><td>Slovensko<\/td><td>\u010cesk\u00e1 Republika<\/td><td class=\"has-text-align-center\" data-align=\"center\"><strong><strong>2.90 \u20ac<\/strong><\/strong><\/td><\/tr><tr><td><\/td><td>Rumunsko<\/td><td class=\"has-text-align-center\" data-align=\"center\"><strong>3.20 \u20ac<\/strong><\/td><\/tr><tr><td><\/td><td>Ma\u010farsko<\/td><td class=\"has-text-align-center\" data-align=\"center\"><strong>3.55 \u20ac<\/strong><\/td><\/tr><tr><td><\/td><td>Gr\u00e9cko<\/td><td class=\"has-text-align-center\" data-align=\"center\"><strong>3.90 \u20ac<\/strong><\/td><\/tr><tr><td><\/td><td>Po\u013esko<\/td><td class=\"has-text-align-center\" data-align=\"center\"><strong>3.90<\/strong> <strong>\u20ac<\/strong><\/td><\/tr><tr><td><\/td><td>Rak\u00fasko<\/td><td class=\"has-text-align-center\" data-align=\"center\"><strong>5.40<\/strong> <strong>\u20ac<\/strong><\/td><\/tr><tr><td><\/td><td>Chorv\u00e1tsko<\/td><td class=\"has-text-align-center\" data-align=\"center\"><strong>5.50<\/strong> <strong>\u20ac<\/strong><\/td><\/tr><tr><td><\/td><td>Nemecko<\/td><td class=\"has-text-align-center\" data-align=\"center\"><strong>5.90<\/strong> <strong>\u20ac<\/strong><\/td><\/tr><tr><td><\/td><td>Taliansko<\/td><td class=\"has-text-align-center\" data-align=\"center\"><strong>6.00 \u20ac<\/strong><\/td><\/tr><tr><td><\/td><td>Bulharsko<\/td><td class=\"has-text-align-center\" data-align=\"center\"><strong>6.90 \u20ac<\/strong><\/td><\/tr><tr><td><\/td><td>Slovinsko<\/td><td class=\"has-text-align-center\" data-align=\"center\"><strong>6.90<\/strong> <strong>\u20ac<\/strong><\/td><\/tr><tr><td><\/td><td>Holandsko<\/td><td class=\"has-text-align-center\" data-align=\"center\"><strong>10.08<\/strong> <strong>\u20ac<\/strong><\/td><\/tr><tr><td>ostatn\u00e9 krajiny<\/td><td>ostatn\u00e9 krajiny<\/td><td class=\"has-text-align-center\" data-align=\"center\">dohodou<\/td><\/tr><\/tbody><\/table><figcaption class=\"wp-element-caption\"><mark style=\"background-color:rgba(0, 0, 0, 0);color:#9d9d9d\" class=\"has-inline-color\">Ceny s\u00fa uveden\u00e9 bez DPH a m\u00f4\u017eu sa mierne l\u00ed\u0161i\u0165 v d\u00f4sledku rozdielov v prepo\u010dte mien a in\u00fdch vonkaj\u0161\u00edch udalost\u00ed. Kone\u010dn\u00e1 cena bude poskytnut\u00e1 obchodn\u00edkovi na po\u017eiadanie a bude z\u00e1visie\u0165 od objemu, frekvencie a dodato\u010dn\u00fdch slu\u017eieb.<\/mark><\/figcaption><\/figure>\n\n\n\n<p><\/p>\n\n\n\n<h2 class=\"wp-block-heading\">Dodato\u010dn\u00e9 slu\u017eby<\/h2>\n\n\n\n<figure class=\"wp-block-table is-style-stripes\"><table class=\"has-border-color has-cyan-bluish-gray-border-color has-fixed-layout\" style=\"border-width:1px\"><thead><tr><th>Slu\u017eba<\/th><th>Popis<\/th><th class=\"has-text-align-center\" data-align=\"center\">Cena<\/th><\/tr><\/thead><tbody><tr><td>Prij\u00edmanie va\u0161ich paliet v na\u0161om sklade<\/td><td>Na\u0161e centr\u00e1lne skladisko sa nach\u00e1dza v Ko\u0161iciach a v\u0161etky na\u0161e prepravy za\u010d\u00ednaj\u00fa pr\u00e1ve tu. M\u00f4\u017eete sa rozhodn\u00fa\u0165, \u017ee svoje palety priveziete sem vlastn\u00fdmi dod\u00e1vkami. V takom pr\u00edpade neplat\u00edte spolo\u010dnosti Boxpi \u017eiadny poplatok za prijatie z\u00e1sielky v na\u0161om sklade.<\/td><td class=\"has-text-align-center\" data-align=\"center\">0 \u20ac<\/td><\/tr><tr><td>Vyzdvihnutie vo va\u0161om sklade<\/td><td>Pre na\u0161ich klientov v Ko\u0161iciach a okol\u00ed pon\u00fakame bezplatn\u00fa slu\u017ebu vyzdvihnutia z\u00e1sielok. Dod\u00e1vky Boxpi nav\u0161t\u00edvia v\u00e1\u0161 sklad pod\u013ea vopred dohodnut\u00e9ho harmonogramu, aby vyzdvihli va\u0161e z\u00e1sielky priamo od v\u00e1s.<\/td><td class=\"has-text-align-center\" data-align=\"center\">0 \u20ac<\/td><\/tr><tr><td>Dobierky<\/td><td>Budeme vybera\u0165 platby za dobierku od va\u0161ich z\u00e1kazn\u00edkov a pravidelne prev\u00e1dza\u0165 peniaze na v\u00e1\u0161 \u00fa\u010det. <\/td><td class=\"has-text-align-center\" data-align=\"center\">1 \u20ac<\/td><\/tr><tr><td>Prevod mien<\/td><td>Ak Boxpi prij\u00edma platby na dobierku, m\u00f4\u017eeme v\u00e1m peniaze previes\u0165 sp\u00e4\u0165 v po\u017eadovanej mene. Boxpi zvy\u010dajne pon\u00faka v\u00fdhodn\u00e9 kurzy premeny mien.<\/td><td class=\"has-text-align-center\" data-align=\"center\">1% z ceny objedn\u00e1vky<\/td><\/tr><tr><td>Poistenie<\/td><td>Zabezpe\u010denie va\u0161ich bal\u00edkov proti neo\u010dak\u00e1van\u00fdm udalostiam<\/td><td class=\"has-text-align-center\" data-align=\"center\">u\u017e \u010doskoro<\/td><\/tr><\/tbody><\/table><figcaption class=\"wp-element-caption\"><mark style=\"background-color:rgba(0, 0, 0, 0);color:#9d9d9d\" class=\"has-inline-color\">Ceny s\u00fa uveden\u00e9 bez DPH a m\u00f4\u017eu sa mierne l\u00ed\u0161i\u0165 v d\u00f4sledku rozdielov v prepo\u010dte mien a in\u00fdch vonkaj\u0161\u00edch udalost\u00ed. Kone\u010dn\u00e1 cena bude poskytnut\u00e1 obchodn\u00edkovi na po\u017eiadanie a bude z\u00e1visie\u0165 od objemu, frekvencie a dodato\u010dn\u00fdch slu\u017eieb.<\/mark><\/figcaption><\/figure>","protected":false},"excerpt":{"rendered":"<p>Software Install Boxpi plugin or API to gain instant access to various courier services in EU. See our full coverage [&hellip;]<\/p>\n","protected":false},"author":1,"featured_media":0,"parent":0,"menu_order":0,"comment_status":"closed","ping_status":"closed","template":"","meta":{"om_disable_all_campaigns":false,"inline_featured_image":false,"_uf_show_specific_survey":0,"_uf_disable_surveys":false,"site-sidebar-layout":"default","site-content-layout":"","ast-site-content-layout":"","site-content-style":"default","site-sidebar-style":"default","ast-global-header-display":"","ast-banner-title-visibility":"","ast-main-header-display":"","ast-hfb-above-header-display":"","ast-hfb-below-header-display":"","ast-hfb-mobile-header-display":"","site-post-title":"","ast-breadcrumbs-content":"","ast-featured-img":"","footer-sml-layout":"","theme-transparent-header-meta":"","adv-header-id-meta":"","stick-header-meta":"","header-above-stick-meta":"","header-main-stick-meta":"","header-below-stick-meta":"","astra-migrate-meta-layouts":"default","ast-page-background-enabled":"default","ast-page-background-meta":{"desktop":{"background-color":"var(--ast-global-color-4)","background-image":"","background-repeat":"repeat","background-position":"center center","background-size":"auto","background-attachment":"scroll","background-type":"","background-media":"","overlay-type":"","overlay-color":"","overlay-opacity":"","overlay-gradient":""},"tablet":{"background-color":"","background-image":"","background-repeat":"repeat","background-position":"center center","background-size":"auto","background-attachment":"scroll","background-type":"","background-media":"","overlay-type":"","overlay-color":"","overlay-opacity":"","overlay-gradient":""},"mobile":{"background-color":"","background-image":"","background-repeat":"repeat","background-position":"center center","background-size":"auto","background-attachment":"scroll","background-type":"","background-media":"","overlay-type":"","overlay-color":"","overlay-opacity":"","overlay-gradient":""}},"ast-content-background-meta":{"desktop":{"background-color":"var(--ast-global-color-5)","background-image":"","background-repeat":"repeat","background-position":"center center","background-size":"auto","background-attachment":"scroll","background-type":"","background-media":"","overlay-type":"","overlay-color":"","overlay-opacity":"","overlay-gradient":""},"tablet":{"background-color":"var(--ast-global-color-5)","background-image":"","background-repeat":"repeat","background-position":"center center","background-size":"auto","background-attachment":"scroll","background-type":"","background-media":"","overlay-type":"","overlay-color":"","overlay-opacity":"","overlay-gradient":""},"mobile":{"background-color":"var(--ast-global-color-5)","background-image":"","background-repeat":"repeat","background-position":"center center","background-size":"auto","background-attachment":"scroll","background-type":"","background-media":"","overlay-type":"","overlay-color":"","overlay-opacity":"","overlay-gradient":""}},"footnotes":""},"class_list":["post-491","page","type-page","status-publish","hentry"],"_links":{"self":[{"href":"https:\/\/boxpi.com\/sk\/wp-json\/wp\/v2\/pages\/491","targetHints":{"allow":["GET"]}}],"collection":[{"href":"https:\/\/boxpi.com\/sk\/wp-json\/wp\/v2\/pages"}],"about":[{"href":"https:\/\/boxpi.com\/sk\/wp-json\/wp\/v2\/types\/page"}],"author":[{"embeddable":true,"href":"https:\/\/boxpi.com\/sk\/wp-json\/wp\/v2\/users\/1"}],"replies":[{"embeddable":true,"href":"https:\/\/boxpi.com\/sk\/wp-json\/wp\/v2\/comments?post=491"}],"version-history":[{"count":80,"href":"https:\/\/boxpi.com\/sk\/wp-json\/wp\/v2\/pages\/491\/revisions"}],"predecessor-version":[{"id":1194,"href":"https:\/\/boxpi.com\/sk\/wp-json\/wp\/v2\/pages\/491\/revisions\/1194"}],"wp:attachment":[{"href":"https:\/\/boxpi.com\/sk\/wp-json\/wp\/v2\/media?parent=491"}],"curies":[{"name":"wp","href":"https:\/\/api.w.org\/{rel}","templated":true}]}}