{"id":1129,"date":"2025-07-14T07:27:19","date_gmt":"2025-07-14T07:27:19","guid":{"rendered":"https:\/\/boxpi.com\/?page_id=1129"},"modified":"2026-02-26T14:51:37","modified_gmt":"2026-02-26T14:51:37","slug":"integration","status":"publish","type":"page","link":"https:\/\/boxpi.com\/sk\/integration\/","title":{"rendered":"Boxpi plugins and integration options"},"content":{"rendered":"<div class=\"wp-block-cover has-custom-content-position is-position-center-left wp-duotone-unset-1\" style=\"margin-top:0;margin-bottom:0\"><img loading=\"lazy\" decoding=\"async\" width=\"785\" height=\"678\" class=\"wp-block-cover__image-background wp-image-396\" alt=\"We deliver in CEE\" src=\"https:\/\/boxpi.com\/wp-content\/uploads\/2022\/04\/boxpi-map.svg\" style=\"object-position:4% 24%\" data-object-fit=\"cover\" data-object-position=\"4% 24%\"\/><span aria-hidden=\"true\" class=\"wp-block-cover__background has-ast-global-color-0-background-color has-background-dim-80 has-background-dim\"><\/span><div class=\"wp-block-cover__inner-container is-layout-constrained wp-container-core-cover-is-layout-19c400f2 wp-block-cover-is-layout-constrained\">\n<div class=\"wp-block-group is-layout-constrained wp-block-group-is-layout-constrained\">\n<h1 class=\"wp-block-heading\"><mark style=\"background-color:rgba(0, 0, 0, 0)\" class=\"has-inline-color has-ast-global-color-7-color\"><strong>Pluginy a integr\u00e1cie<\/strong><\/mark><\/h1>\n\n\n\n<ul class=\"wp-block-list\">\n<li><mark style=\"background-color:rgba(0, 0, 0, 0)\" class=\"has-inline-color has-ast-global-color-7-color\"><strong>Nat\u00edvna integr\u00e1cia ako plugin pre elektronick\u00fd obchod<\/strong><\/mark><\/li>\n\n\n\n<li><mark style=\"background-color:rgba(0, 0, 0, 0)\" class=\"has-inline-color has-ast-global-color-7-color\"><strong>Integr\u00e1cia prostredn\u00edctvom agreg\u00e1torov<\/strong><\/mark><\/li>\n\n\n\n<li><mark style=\"background-color:rgba(0, 0, 0, 0)\" class=\"has-inline-color has-ast-global-color-7-color\"><strong>Vlastn\u00e1 integr\u00e1cia prostredn\u00edctvom API<\/strong><\/mark><\/li>\n<\/ul>\n<\/div>\n<\/div><\/div>\n\n\n\n<div class=\"wp-block-group has-ast-global-color-5-background-color has-background is-layout-constrained wp-container-core-group-is-layout-7657ddd5 wp-block-group-is-layout-constrained wp-container-2 is-position-sticky\" style=\"border-radius:0px;border-bottom-color:#eeeeee;border-bottom-width:1px;padding-top:var(--wp--preset--spacing--30);padding-bottom:var(--wp--preset--spacing--30)\">\n<style>\n.wp-container-5 {top: calc(80px + var(--wp-admin--admin-bar--position-offset, 0px)) !important}\n<\/style>\n<\/div>\n\n\n\n<div id=\"cz\" class=\"wp-block-group is-layout-constrained wp-block-group-is-layout-constrained\">\n<h4 class=\"wp-block-heading\">Nat\u00edvna integr\u00e1cia ako plugin pre elektronick\u00fd obchod<\/h4>\n\n\n\n<p>Nain\u0161talujte Boxpi ako doplnok a za\u010dnite vyu\u017e\u00edva\u0165 v\u00fdhody tohto softv\u00e9ru priamo vo va\u0161ej administr\u00e1cii obchodu.<\/p>\n\n\n\n<div class=\"wp-block-group is-layout-grid wp-container-core-group-is-layout-478b6e6b wp-block-group-is-layout-grid\">\n<div class=\"wp-block-group wp-container-content-69bc4bdf is-layout-constrained wp-block-group-is-layout-constrained\">\n<figure class=\"wp-block-image aligncenter size-full is-resized\"><img loading=\"lazy\" decoding=\"async\" width=\"225\" height=\"225\" src=\"https:\/\/boxpi.com\/wp-content\/uploads\/2025\/07\/images.png\" alt=\"\" class=\"wp-image-1130\" style=\"width:auto;height:200px\" srcset=\"https:\/\/boxpi.com\/wp-content\/uploads\/2025\/07\/images.png 225w, https:\/\/boxpi.com\/wp-content\/uploads\/2025\/07\/images-150x150.png 150w, https:\/\/boxpi.com\/wp-content\/uploads\/2025\/07\/images-100x100.png 100w\" sizes=\"auto, (max-width: 225px) 100vw, 225px\" \/><figcaption class=\"wp-element-caption\"><strong>Creative sites<\/strong><\/figcaption><\/figure>\n\n\n\n<p class=\"has-text-align-center\">N\u00e1jdete vo va\u0161om App Store.<\/p>\n\n\n\n<p class=\"has-text-align-center\"><\/p>\n<\/div>\n\n\n\n<div class=\"wp-block-group wp-container-content-69bc4bdf is-layout-constrained wp-block-group-is-layout-constrained\">\n<figure class=\"wp-block-image aligncenter size-full is-resized\"><img loading=\"lazy\" decoding=\"async\" width=\"225\" height=\"225\" src=\"https:\/\/boxpi.com\/wp-content\/uploads\/2025\/07\/images-1.png\" alt=\"\" class=\"wp-image-1131\" style=\"width:auto;height:200px\" srcset=\"https:\/\/boxpi.com\/wp-content\/uploads\/2025\/07\/images-1.png 225w, https:\/\/boxpi.com\/wp-content\/uploads\/2025\/07\/images-1-150x150.png 150w, https:\/\/boxpi.com\/wp-content\/uploads\/2025\/07\/images-1-100x100.png 100w\" sizes=\"auto, (max-width: 225px) 100vw, 225px\" \/><figcaption class=\"wp-element-caption\"><strong>Prestashop<\/strong><\/figcaption><\/figure>\n\n\n\n<div class=\"wp-block-buttons is-content-justification-center is-layout-flex wp-container-core-buttons-is-layout-a89b3969 wp-block-buttons-is-layout-flex\">\n<div class=\"wp-block-button\"><a class=\"wp-block-button__link has-text-align-center wp-element-button\" href=\"https:\/\/addons.prestashop.com\/en\/shipping-logistics-delivery-prestashop-modules\/96134-boxpi.html\">In\u0161tal\u00e1cia<\/a><\/div>\n<\/div>\n<\/div>\n\n\n\n<p><\/p>\n<\/div>\n<\/div>\n\n\n\n<div id=\"hu\" class=\"wp-block-group is-layout-constrained wp-block-group-is-layout-constrained\">\n<h4 class=\"wp-block-heading\"><mark style=\"background-color:rgba(0, 0, 0, 0)\" class=\"has-inline-color has-ast-global-color-7-color\"><strong>Integr\u00e1cia prostredn\u00edctvom agreg\u00e1torov<\/strong><\/mark><\/h4>\n\n\n\n<div class=\"wp-block-group is-layout-grid wp-container-core-group-is-layout-478b6e6b wp-block-group-is-layout-grid\">\n<div class=\"wp-block-group wp-container-content-69bc4bdf is-layout-constrained wp-block-group-is-layout-constrained\">\n<figure class=\"wp-block-image aligncenter size-medium is-resized\"><img loading=\"lazy\" decoding=\"async\" width=\"300\" height=\"300\" src=\"https:\/\/boxpi.com\/wp-content\/uploads\/2025\/07\/chameleoon-logo-1-300x300.png\" alt=\"\" class=\"wp-image-1133\" style=\"aspect-ratio:1;object-fit:cover;width:auto;height:200px\" srcset=\"https:\/\/boxpi.com\/wp-content\/uploads\/2025\/07\/chameleoon-logo-1-300x300.png 300w, https:\/\/boxpi.com\/wp-content\/uploads\/2025\/07\/chameleoon-logo-1-150x150.png 150w, https:\/\/boxpi.com\/wp-content\/uploads\/2025\/07\/chameleoon-logo-1-100x100.png 100w, https:\/\/boxpi.com\/wp-content\/uploads\/2025\/07\/chameleoon-logo-1.png 400w\" sizes=\"auto, (max-width: 300px) 100vw, 300px\" \/><figcaption class=\"wp-element-caption\"><strong>Chameleoon<\/strong><\/figcaption><\/figure>\n\n\n\n<div class=\"wp-block-buttons is-content-justification-center is-layout-flex wp-container-core-buttons-is-layout-a89b3969 wp-block-buttons-is-layout-flex\">\n<div class=\"wp-block-button is-style-outline is-style-outline--3\"><a class=\"wp-block-button__link wp-element-button\" href=\"https:\/\/boxpi.com\/sk\/services\/book-demo\/\">Kontaktujte n\u00e1s<\/a><\/div>\n<\/div>\n<\/div>\n\n\n\n<div class=\"wp-block-group wp-container-content-69bc4bdf is-layout-constrained wp-block-group-is-layout-constrained\">\n<figure class=\"wp-block-image aligncenter size-full is-resized\"><img loading=\"lazy\" decoding=\"async\" width=\"500\" height=\"500\" src=\"https:\/\/boxpi.com\/wp-content\/uploads\/2025\/07\/Brani.cz_-500x500-c-default.jpg\" alt=\"\" class=\"wp-image-1134\" style=\"width:auto;height:200px\" srcset=\"https:\/\/boxpi.com\/wp-content\/uploads\/2025\/07\/Brani.cz_-500x500-c-default.jpg 500w, https:\/\/boxpi.com\/wp-content\/uploads\/2025\/07\/Brani.cz_-500x500-c-default-300x300.jpg 300w, https:\/\/boxpi.com\/wp-content\/uploads\/2025\/07\/Brani.cz_-500x500-c-default-150x150.jpg 150w, https:\/\/boxpi.com\/wp-content\/uploads\/2025\/07\/Brani.cz_-500x500-c-default-100x100.jpg 100w\" sizes=\"auto, (max-width: 500px) 100vw, 500px\" \/><figcaption class=\"wp-element-caption\"><strong>Brani.cz<\/strong><\/figcaption><\/figure>\n\n\n\n<div class=\"wp-block-buttons is-content-justification-center is-layout-flex wp-container-core-buttons-is-layout-a89b3969 wp-block-buttons-is-layout-flex\">\n<div class=\"wp-block-button is-style-outline is-style-outline--4\"><a class=\"wp-block-button__link wp-element-button\" href=\"https:\/\/boxpi.com\/sk\/services\/book-demo\/\">Kontaktujte n\u00e1s<\/a><\/div>\n<\/div>\n<\/div>\n<\/div>\n<\/div>\n\n\n\n<div id=\"pl\" class=\"wp-block-group is-layout-constrained wp-block-group-is-layout-constrained\">\n<h4 class=\"wp-block-heading\">Vlastn\u00e1 integr\u00e1cia prostredn\u00edctvom API<\/h4>\n\n\n\n<div class=\"wp-block-group is-layout-grid wp-container-core-group-is-layout-478b6e6b wp-block-group-is-layout-grid\">\n<div class=\"wp-block-group wp-container-content-69bc4bdf is-layout-constrained wp-block-group-is-layout-constrained\">\n<figure class=\"wp-block-image aligncenter size-full is-resized\"><img loading=\"lazy\" decoding=\"async\" width=\"200\" height=\"200\" src=\"https:\/\/boxpi.com\/wp-content\/uploads\/2024\/08\/json-payload-1.png\" alt=\"\" class=\"wp-image-624\" style=\"width:202px;height:auto\" srcset=\"https:\/\/boxpi.com\/wp-content\/uploads\/2024\/08\/json-payload-1.png 200w, https:\/\/boxpi.com\/wp-content\/uploads\/2024\/08\/json-payload-1-150x150.png 150w, https:\/\/boxpi.com\/wp-content\/uploads\/2024\/08\/json-payload-1-100x100.png 100w\" sizes=\"auto, (max-width: 200px) 100vw, 200px\" \/><figcaption class=\"wp-element-caption\"><strong>Boxpi API<\/strong><\/figcaption><\/figure>\n\n\n\n<div class=\"wp-block-buttons is-content-justification-center is-layout-flex wp-container-core-buttons-is-layout-a89b3969 wp-block-buttons-is-layout-flex\">\n<div class=\"wp-block-button\"><a class=\"wp-block-button__link wp-element-button\" href=\"https:\/\/api.boxpi.com\/v2\/doc\/boxpi.openapi.html#\/\">Dokument\u00e1cia<\/a><\/div>\n<\/div>\n<\/div>\n<\/div>\n<\/div>","protected":false},"excerpt":{"rendered":"<p>Native integration as an e-commerce plugin Install Boxpi as a plug-in and start using the benefits of the software directly [&hellip;]<\/p>\n","protected":false},"author":1,"featured_media":0,"parent":0,"menu_order":0,"comment_status":"closed","ping_status":"closed","template":"","meta":{"om_disable_all_campaigns":false,"inline_featured_image":false,"_uf_show_specific_survey":0,"_uf_disable_surveys":false,"site-sidebar-layout":"default","site-content-layout":"","ast-site-content-layout":"","site-content-style":"default","site-sidebar-style":"default","ast-global-header-display":"","ast-banner-title-visibility":"","ast-main-header-display":"","ast-hfb-above-header-display":"","ast-hfb-below-header-display":"","ast-hfb-mobile-header-display":"","site-post-title":"","ast-breadcrumbs-content":"","ast-featured-img":"","footer-sml-layout":"","theme-transparent-header-meta":"","adv-header-id-meta":"","stick-header-meta":"","header-above-stick-meta":"","header-main-stick-meta":"","header-below-stick-meta":"","astra-migrate-meta-layouts":"default","ast-page-background-enabled":"default","ast-page-background-meta":{"desktop":{"background-color":"var(--ast-global-color-4)","background-image":"","background-repeat":"repeat","background-position":"center center","background-size":"auto","background-attachment":"scroll","background-type":"","background-media":"","overlay-type":"","overlay-color":"","overlay-opacity":"","overlay-gradient":""},"tablet":{"background-color":"","background-image":"","background-repeat":"repeat","background-position":"center center","background-size":"auto","background-attachment":"scroll","background-type":"","background-media":"","overlay-type":"","overlay-color":"","overlay-opacity":"","overlay-gradient":""},"mobile":{"background-color":"","background-image":"","background-repeat":"repeat","background-position":"center center","background-size":"auto","background-attachment":"scroll","background-type":"","background-media":"","overlay-type":"","overlay-color":"","overlay-opacity":"","overlay-gradient":""}},"ast-content-background-meta":{"desktop":{"background-color":"var(--ast-global-color-5)","background-image":"","background-repeat":"repeat","background-position":"center center","background-size":"auto","background-attachment":"scroll","background-type":"","background-media":"","overlay-type":"","overlay-color":"","overlay-opacity":"","overlay-gradient":""},"tablet":{"background-color":"var(--ast-global-color-5)","background-image":"","background-repeat":"repeat","background-position":"center center","background-size":"auto","background-attachment":"scroll","background-type":"","background-media":"","overlay-type":"","overlay-color":"","overlay-opacity":"","overlay-gradient":""},"mobile":{"background-color":"var(--ast-global-color-5)","background-image":"","background-repeat":"repeat","background-position":"center center","background-size":"auto","background-attachment":"scroll","background-type":"","background-media":"","overlay-type":"","overlay-color":"","overlay-opacity":"","overlay-gradient":""}},"footnotes":""},"class_list":["post-1129","page","type-page","status-publish","hentry"],"_links":{"self":[{"href":"https:\/\/boxpi.com\/sk\/wp-json\/wp\/v2\/pages\/1129","targetHints":{"allow":["GET"]}}],"collection":[{"href":"https:\/\/boxpi.com\/sk\/wp-json\/wp\/v2\/pages"}],"about":[{"href":"https:\/\/boxpi.com\/sk\/wp-json\/wp\/v2\/types\/page"}],"author":[{"embeddable":true,"href":"https:\/\/boxpi.com\/sk\/wp-json\/wp\/v2\/users\/1"}],"replies":[{"embeddable":true,"href":"https:\/\/boxpi.com\/sk\/wp-json\/wp\/v2\/comments?post=1129"}],"version-history":[{"count":7,"href":"https:\/\/boxpi.com\/sk\/wp-json\/wp\/v2\/pages\/1129\/revisions"}],"predecessor-version":[{"id":1205,"href":"https:\/\/boxpi.com\/sk\/wp-json\/wp\/v2\/pages\/1129\/revisions\/1205"}],"wp:attachment":[{"href":"https:\/\/boxpi.com\/sk\/wp-json\/wp\/v2\/media?parent=1129"}],"curies":[{"name":"wp","href":"https:\/\/api.w.org\/{rel}","templated":true}]}}